{"id":10865,"date":"2025-03-05T18:53:09","date_gmt":"2025-03-05T17:53:09","guid":{"rendered":"https:\/\/cabezuelofoods.com\/declaration-daccessibilite\/"},"modified":"2025-09-18T18:14:20","modified_gmt":"2025-09-18T16:14:20","slug":"declaration-daccessibilite","status":"publish","type":"page","link":"https:\/\/cabezuelofoods.com\/fr\/declaration-daccessibilite\/","title":{"rendered":"D\u00e9claration d&rsquo;accessibilit\u00e9"},"content":{"rendered":"\t\t<div data-elementor-type=\"wp-page\" data-elementor-id=\"10865\" class=\"elementor elementor-10865 elementor-6286\" data-elementor-post-type=\"page\">\n\t\t\t\t<main class=\"elementor-element elementor-element-5cdc147 legales e-flex e-con-boxed e-con e-parent\" data-id=\"5cdc147\" data-element_type=\"container\" data-e-type=\"container\" data-settings=\"{&quot;jet_parallax_layout_list&quot;:[]}\">\n\t\t\t\t\t<div class=\"e-con-inner\">\n\t\t\t\t<div class=\"elementor-element elementor-element-861643e elementor-widget elementor-widget-heading\" data-id=\"861643e\" data-element_type=\"widget\" data-e-type=\"widget\" data-widget_type=\"heading.default\">\n\t\t\t\t<div class=\"elementor-widget-container\">\n\t\t\t\t\t<p class=\"elementor-heading-title elementor-size-default\">cabezuelofoods.com<\/p>\t\t\t\t<\/div>\n\t\t\t\t<\/div>\n\t\t\t\t<div class=\"elementor-element elementor-element-e0ebf6e elementor-widget elementor-widget-spacer\" data-id=\"e0ebf6e\" data-element_type=\"widget\" data-e-type=\"widget\" data-widget_type=\"spacer.default\">\n\t\t\t\t<div class=\"elementor-widget-container\">\n\t\t\t\t\t\t\t<div class=\"elementor-spacer\">\n\t\t\t<div class=\"elementor-spacer-inner\"><\/div>\n\t\t<\/div>\n\t\t\t\t\t\t<\/div>\n\t\t\t\t<\/div>\n\t\t<section class=\"elementor-element elementor-element-84c762d e-con-full e-flex e-con e-child\" data-id=\"84c762d\" data-element_type=\"container\" data-e-type=\"container\" data-settings=\"{&quot;jet_parallax_layout_list&quot;:[]}\">\n\t\t\t\t<div class=\"elementor-element elementor-element-5135ea6 elementor-widget elementor-widget-text-editor\" data-id=\"5135ea6\" data-element_type=\"widget\" data-e-type=\"widget\" data-widget_type=\"text-editor.default\">\n\t\t\t\t<div class=\"elementor-widget-container\">\n\t\t\t\t\t\t\t\t\t<p>Cabezuelo Foods s&rsquo;engage \u00e0 rendre son site web accessible conform\u00e9ment au d\u00e9cret royal 1112\/2018 du 7 septembre sur l&rsquo;accessibilit\u00e9 des sites web et des applications pour appareils mobiles du secteur public. <\/p><p>La pr\u00e9sente d\u00e9claration d&rsquo;accessibilit\u00e9 s&rsquo;applique au site web cabezuelofoods.com<\/p>\t\t\t\t\t\t\t\t<\/div>\n\t\t\t\t<\/div>\n\t\t\t\t<div class=\"elementor-element elementor-element-7565f14 elementor-widget elementor-widget-spacer\" data-id=\"7565f14\" data-element_type=\"widget\" data-e-type=\"widget\" data-widget_type=\"spacer.default\">\n\t\t\t\t<div class=\"elementor-widget-container\">\n\t\t\t\t\t\t\t<div class=\"elementor-spacer\">\n\t\t\t<div class=\"elementor-spacer-inner\"><\/div>\n\t\t<\/div>\n\t\t\t\t\t\t<\/div>\n\t\t\t\t<\/div>\n\t\t\t\t<\/section>\n\t\t<section class=\"elementor-element elementor-element-cb9b6fd e-con-full e-flex e-con e-child\" data-id=\"cb9b6fd\" data-element_type=\"container\" data-e-type=\"container\" data-settings=\"{&quot;jet_parallax_layout_list&quot;:[]}\">\n\t\t\t\t<div class=\"elementor-element elementor-element-24e0ad3 elementor-widget elementor-widget-heading\" data-id=\"24e0ad3\" data-element_type=\"widget\" data-e-type=\"widget\" data-widget_type=\"heading.default\">\n\t\t\t\t<div class=\"elementor-widget-container\">\n\t\t\t\t\t<h2 class=\"elementor-heading-title elementor-size-default\">Situation de conformit\u00e9<\/h2>\t\t\t\t<\/div>\n\t\t\t\t<\/div>\n\t\t\t\t<div class=\"elementor-element elementor-element-69e4fd0 elementor-widget elementor-widget-text-editor\" data-id=\"69e4fd0\" data-element_type=\"widget\" data-e-type=\"widget\" data-widget_type=\"text-editor.default\">\n\t\t\t\t<div class=\"elementor-widget-container\">\n\t\t\t\t\t\t\t\t\t<p>Ce site web est partiellement conforme au RD 1112\/2018 en raison des exceptions et du manque de conformit\u00e9 des aspects indiqu\u00e9s ci-dessous.<\/p>\t\t\t\t\t\t\t\t<\/div>\n\t\t\t\t<\/div>\n\t\t\t\t<div class=\"elementor-element elementor-element-bfc965e elementor-widget elementor-widget-spacer\" data-id=\"bfc965e\" data-element_type=\"widget\" data-e-type=\"widget\" data-widget_type=\"spacer.default\">\n\t\t\t\t<div class=\"elementor-widget-container\">\n\t\t\t\t\t\t\t<div class=\"elementor-spacer\">\n\t\t\t<div class=\"elementor-spacer-inner\"><\/div>\n\t\t<\/div>\n\t\t\t\t\t\t<\/div>\n\t\t\t\t<\/div>\n\t\t\t\t<\/section>\n\t\t<section class=\"elementor-element elementor-element-de15301 e-con-full e-flex e-con e-child\" data-id=\"de15301\" data-element_type=\"container\" data-e-type=\"container\" data-settings=\"{&quot;jet_parallax_layout_list&quot;:[]}\">\n\t\t\t\t<div class=\"elementor-element elementor-element-3ff858b elementor-widget elementor-widget-heading\" data-id=\"3ff858b\" data-element_type=\"widget\" data-e-type=\"widget\" data-widget_type=\"heading.default\">\n\t\t\t\t<div class=\"elementor-widget-container\">\n\t\t\t\t\t<h2 class=\"elementor-heading-title elementor-size-default\">Contenu non accessible<\/h2>\t\t\t\t<\/div>\n\t\t\t\t<\/div>\n\t\t\t\t<div class=\"elementor-element elementor-element-c111384 elementor-widget elementor-widget-text-editor\" data-id=\"c111384\" data-element_type=\"widget\" data-e-type=\"widget\" data-widget_type=\"text-editor.default\">\n\t\t\t\t<div class=\"elementor-widget-container\">\n\t\t\t\t\t\t\t\t\t<p>Le contenu repris ci-dessous n&rsquo;est pas accessible pour les raisons suivantes&nbsp;:<\/p><ol><li>Manque de conformit\u00e9 avec le RD 1112\/2018<ul><li>Il existe des logos et des images avec un texte alternatif incorrect ou confus et des images complexes sans description textuelle <span class=\"acc_stat_italic\">[exigence num\u00e9ro 9.1.1.1 Contenu non textuel, de UNE-EN 301549:2022].<\/span><\/li><li>Il existe des listes cr\u00e9\u00e9es de mani\u00e8re incorrecte (sans balise de liste), des tableaux avec des cellules \u00e9tiquet\u00e9es incorrectement et des \u00e9tiquettes invisibles dans les \u00e9l\u00e9ments de formulaires<span class=\"acc_stat_italic\"> [exigence num\u00e9ro 9.1.3.1 Information et relations, de UNE-EN 301549:2022].<\/span><\/li><li>Il existe des tableaux non adapt\u00e9s aux petites tailles d&rsquo;\u00e9cran et des champs de formulaire qui ne s&rsquo;affichent pas correctement sur les petites tailles d&rsquo;\u00e9cran <span class=\"acc_stat_italic\">[exigence num\u00e9ro 9.1.4.10 R\u00e9ajustement du texte, de UNE-EN 301549:2022]<\/span>.<\/li><li>Il existe du texte qui, lorsque l&rsquo;on modifie les espaces et les hauteurs de ligne, ne s&rsquo;affiche pas correctement<span class=\"acc_stat_italic\"> [exigence num\u00e9ro 9.1.4.12 Espacement du texte, de UNE-EN 301549:2022].<\/span><\/li><li>Il existe des \u00e9l\u00e9ments qui ne sont pas accessibles par clavier, comme par exemple les liens vers les r\u00e9seaux sociaux, l&rsquo;\u00e9diteur de texte pour les commentaires, les \u00e9l\u00e9ments pour trier les r\u00e9sultats de recherche, la pagination des r\u00e9sultats de recherche ou les fl\u00e8ches de calendrier <span class=\"acc_stat_italic\">[exigence num\u00e9ro 9.2.1.1 Clavier, de UNE-EN 301549:2022].<\/span><\/li><li>Certains \u00e9l\u00e9ments ne re\u00e7oivent pas le focus et il n&rsquo;est donc pas possible d&rsquo;interagir avec eux au moyen du clavier, par exemple <span class=\"acc_stat_italic\">[exigence num\u00e9ro 9.2.4.3 Ordre de la mise au point, de UNE-EN 301549:2022]<\/span>.<\/li><li>Certains liens n&rsquo;identifient pas correctement leur fonction (ils ont une description inad\u00e9quate, un texte trop g\u00e9n\u00e9rique, un titre inad\u00e9quat&#8230;).<br><span class=\"acc_stat_italic\">[exigence num\u00e9ro 9.2.4.4 Objet des liens, de UNE-EN 301549:2022].<\/span><\/li><li>Certains en-t\u00eates ont un texte r\u00e9p\u00e9t\u00e9 et\/ou peu descriptif <span class=\"acc_stat_italic\">[exigence num\u00e9ro 9.2.4.6 En-t\u00eates et \u00e9tiquettes, de UNE-EN 301549:2022].<\/span><\/li><li>Il existe des images, des infographies, des textes de liens ou de boutons, des textes de titres et du contenu qui ne sont pas traduits dans d&rsquo;autres langues <span class=\"acc_stat_italic\">[exigence num\u00e9ro 9.3.1.2 Langue des parties, de UNE-EN 301549:2022]<\/span>.<\/li><li>Sur certaines pages, la m\u00eame ic\u00f4ne est utilis\u00e9e \u00e0 des fins diff\u00e9rentes, ce qui cr\u00e9e une confusion <span class=\"acc_stat_italic\">[exigence num\u00e9ro 9.3.2.4 Identification coh\u00e9rente, de UNE-EN 301549:2022]<\/span>.<\/li><li>Il existe des messages d&rsquo;erreur peu descriptifs, ou des messages d&rsquo;erreur qui ne sont pas regroup\u00e9s dans un seul message, ainsi qu&rsquo;un manque de suggestions dans le formulaire pour remplir correctement les champs <span class=\"acc_stat_italic\">[exigence num\u00e9ro 9.3.3.1 Identification des erreurs, de UNE-EN 301549:2022]<\/span>.<\/li><li>Il existe des formulaires avec des champs obligatoires o\u00f9 l&rsquo;utilisateur n&rsquo;est pas inform\u00e9 de ce fait, ainsi que des champs o\u00f9 il manque un exemple textuel du format du champ.<br>(comme par exemple le DNI) <span class=\"acc_stat_italic\">[exigence num\u00e9ro 9.3.3.2 \u00c9tiquettes et instructions, de UNE-EN 301549:2022]<\/span>.<\/li><li>Il existe des champs de formulaires o\u00f9 l&rsquo;erreur est signal\u00e9e lorsqu&rsquo;une valeur incorrecte est introduite, mais aucune suggestion de correction n&rsquo;est fournie.<br><span class=\"acc_stat_italic\">[exigence num\u00e9ro 9.3.3.3 Suggestions en cas d&rsquo;erreur, de UNE-EN 301549:2022]<\/span>.<\/li><li>Il existe des pages avec des erreurs de syntaxe et, par cons\u00e9quent, certains produits d&rsquo;assistance peuvent ne pas interpr\u00e9ter correctement le contenu (ID de page en double, balises non ferm\u00e9es, construction incorrecte des balises&#8230;).<span class=\"acc_stat_italic\"> [exigence num\u00e9ro 9.4.1.1 Traitement, de UNE-EN 301549:2022]<\/span>.<\/li><li>Il existe des pages sur lesquelles les produits d&rsquo;assistance ne pourront pas obtenir d&rsquo;informations, interagir et \u00eatre au courant de l&rsquo;\u00e9tat des contr\u00f4les de l&rsquo;interface utilisateur, comme par exemple, les messages d&rsquo;aide, les messages d&rsquo;\u00e9tat du r\u00e9sultat des actions, les attributs des liens, l&rsquo;image de la langue de la page&#8230; qui ne pourront pas \u00eatre lus par les lecteurs d&rsquo;\u00e9cran au moment o\u00f9 ils apparaissent <span class=\"acc_stat_italic\">[exigence num\u00e9ro 9.4.1.2 Nom, fonction, valeur de UNE-EN 301549:2022]<\/span>.<\/li><li>Il pourrait exister des erreurs ponctuelles d&rsquo;\u00e9dition sur certaines pages web.<\/li><\/ul><\/li><li>Charge disproportionn\u00e9e<ul><li>Sans objet.<\/li><\/ul><\/li><li>Le contenu ne rel\u00e8ve pas du champ d&rsquo;application de la l\u00e9gislation applicable<ul><li>Il pourrait exister des fichiers bureautiques au format PDF ou autres formats publi\u00e9s avant le 20 septembre 2018 qui ne remplissent pas enti\u00e8rement toutes les exigences d&rsquo;accessibilit\u00e9. Bien que l&rsquo;on ait veill\u00e9 \u00e0 ce que la plupart d&rsquo;entre eux les remplissent. <\/li><\/ul><\/li><\/ol>\t\t\t\t\t\t\t\t<\/div>\n\t\t\t\t<\/div>\n\t\t\t\t<div class=\"elementor-element elementor-element-4b6d8b6 elementor-widget elementor-widget-spacer\" data-id=\"4b6d8b6\" data-element_type=\"widget\" data-e-type=\"widget\" data-widget_type=\"spacer.default\">\n\t\t\t\t<div class=\"elementor-widget-container\">\n\t\t\t\t\t\t\t<div class=\"elementor-spacer\">\n\t\t\t<div class=\"elementor-spacer-inner\"><\/div>\n\t\t<\/div>\n\t\t\t\t\t\t<\/div>\n\t\t\t\t<\/div>\n\t\t\t\t<\/section>\n\t\t<section class=\"elementor-element elementor-element-96a5723 e-con-full e-flex e-con e-child\" data-id=\"96a5723\" data-element_type=\"container\" data-e-type=\"container\" data-settings=\"{&quot;jet_parallax_layout_list&quot;:[]}\">\n\t\t\t\t<div class=\"elementor-element elementor-element-2a210de elementor-widget elementor-widget-heading\" data-id=\"2a210de\" data-element_type=\"widget\" data-e-type=\"widget\" data-widget_type=\"heading.default\">\n\t\t\t\t<div class=\"elementor-widget-container\">\n\t\t\t\t\t<h2 class=\"elementor-heading-title elementor-size-default\">Pr\u00e9paration de la pr\u00e9sente d\u00e9claration d'accessibilit\u00e9<\/h2>\t\t\t\t<\/div>\n\t\t\t\t<\/div>\n\t\t\t\t<div class=\"elementor-element elementor-element-53a7b9d elementor-widget elementor-widget-text-editor\" data-id=\"53a7b9d\" data-element_type=\"widget\" data-e-type=\"widget\" data-widget_type=\"text-editor.default\">\n\t\t\t\t<div class=\"elementor-widget-container\">\n\t\t\t\t\t\t\t\t\t<p>La pr\u00e9sente d\u00e9claration a \u00e9t\u00e9 pr\u00e9par\u00e9e le 26\/11\/2024.<\/p><p>La m\u00e9thode employ\u00e9e pour pr\u00e9parer la d\u00e9claration a \u00e9t\u00e9 une auto-\u00e9valuation r\u00e9alis\u00e9e par l&rsquo;entit\u00e9 elle-m\u00eame.<\/p><p>Derni\u00e8re r\u00e9vision de la d\u00e9claration&nbsp;: 26\/11\/2024.<\/p>\t\t\t\t\t\t\t\t<\/div>\n\t\t\t\t<\/div>\n\t\t\t\t<div class=\"elementor-element elementor-element-4e57046 elementor-widget elementor-widget-spacer\" data-id=\"4e57046\" data-element_type=\"widget\" data-e-type=\"widget\" data-widget_type=\"spacer.default\">\n\t\t\t\t<div class=\"elementor-widget-container\">\n\t\t\t\t\t\t\t<div class=\"elementor-spacer\">\n\t\t\t<div class=\"elementor-spacer-inner\"><\/div>\n\t\t<\/div>\n\t\t\t\t\t\t<\/div>\n\t\t\t\t<\/div>\n\t\t\t\t<\/section>\n\t\t<section class=\"elementor-element elementor-element-d784919 e-con-full e-flex e-con e-child\" data-id=\"d784919\" data-element_type=\"container\" data-e-type=\"container\" data-settings=\"{&quot;jet_parallax_layout_list&quot;:[]}\">\n\t\t\t\t<div class=\"elementor-element elementor-element-d84e2c8 elementor-widget elementor-widget-heading\" data-id=\"d84e2c8\" data-element_type=\"widget\" data-e-type=\"widget\" data-widget_type=\"heading.default\">\n\t\t\t\t<div class=\"elementor-widget-container\">\n\t\t\t\t\t<h2 class=\"elementor-heading-title elementor-size-default\">Observations<\/h2>\t\t\t\t<\/div>\n\t\t\t\t<\/div>\n\t\t\t\t<div class=\"elementor-element elementor-element-8341d91 elementor-widget elementor-widget-text-editor\" data-id=\"8341d91\" data-element_type=\"widget\" data-e-type=\"widget\" data-widget_type=\"text-editor.default\">\n\t\t\t\t<div class=\"elementor-widget-container\">\n\t\t\t\t\t\t\t\t\t<p>Vous pouvez faire part de vos observations sur les exigences d&rsquo;accessibilit\u00e9 (article 10.2.a) du RD 1112\/2018), par exemple&nbsp;:<\/p><ul><li>Signaler tout manquement \u00e9ventuel de ce site web<\/li><li>Transmettre d&rsquo;autres difficult\u00e9s d&rsquo;acc\u00e8s au contenu<\/li><li>Formuler toute autre question ou suggestion d&rsquo;am\u00e9lioration relative \u00e0 l&rsquo;accessibilit\u00e9 du site web<\/li><\/ul><p>Vous pouvez pr\u00e9senter&nbsp;:<\/p><ul><li>Une plainte relative au respect des exigences du RD 1112\/2018 ou<\/li><li>Une demande d&rsquo;informations accessibles relative \u00e0&nbsp;:<ul><li>Les contenus qui sont exclus du champ d&rsquo;application du RD 1112\/2018 conform\u00e9ment \u00e0 l&rsquo;article 3, paragraphe 4<\/li><li>Les contenus qui sont exempt\u00e9s du respect des exigences d&rsquo;accessibilit\u00e9 car ils imposent une charge disproportionn\u00e9e.<\/li><\/ul><\/li><\/ul><p>Dans la demande d&rsquo;informations accessibles, il convient de pr\u00e9ciser, avec toute la clart\u00e9 n\u00e9cessaire, les faits, les raisons et la demande qui permettent de constater qu&rsquo;il s&rsquo;agit d&rsquo;une demande raisonnable et l\u00e9gitime.<\/p>\t\t\t\t\t\t\t\t<\/div>\n\t\t\t\t<\/div>\n\t\t\t\t<div class=\"elementor-element elementor-element-ae1b009 elementor-widget elementor-widget-spacer\" data-id=\"ae1b009\" data-element_type=\"widget\" data-e-type=\"widget\" data-widget_type=\"spacer.default\">\n\t\t\t\t<div class=\"elementor-widget-container\">\n\t\t\t\t\t\t\t<div class=\"elementor-spacer\">\n\t\t\t<div class=\"elementor-spacer-inner\"><\/div>\n\t\t<\/div>\n\t\t\t\t\t\t<\/div>\n\t\t\t\t<\/div>\n\t\t\t\t<\/section>\n\t\t<section class=\"elementor-element elementor-element-7ee0e1a e-con-full e-flex e-con e-child\" data-id=\"7ee0e1a\" data-element_type=\"container\" data-e-type=\"container\" data-settings=\"{&quot;jet_parallax_layout_list&quot;:[]}\">\n\t\t\t\t<div class=\"elementor-element elementor-element-7647fe5 elementor-widget elementor-widget-heading\" data-id=\"7647fe5\" data-element_type=\"widget\" data-e-type=\"widget\" data-widget_type=\"heading.default\">\n\t\t\t\t<div class=\"elementor-widget-container\">\n\t\t\t\t\t<h2 class=\"elementor-heading-title elementor-size-default\">Coordonn\u00e9es<\/h2>\t\t\t\t<\/div>\n\t\t\t\t<\/div>\n\t\t\t\t<div class=\"elementor-element elementor-element-f98005e elementor-widget elementor-widget-text-editor\" data-id=\"f98005e\" data-element_type=\"widget\" data-e-type=\"widget\" data-widget_type=\"text-editor.default\">\n\t\t\t\t<div class=\"elementor-widget-container\">\n\t\t\t\t\t\t\t\t\t<p>L&rsquo;entit\u00e9 titulaire met \u00e0 la disposition de toutes les parties int\u00e9ress\u00e9es les moyens de contact suivants avec l&rsquo;entit\u00e9&nbsp;:<\/p><p>Num\u00e9ros de t\u00e9l\u00e9phone&nbsp;: +34 926 532 842<br>Adresse&nbsp;: Calle Campo De Criptana 86, 13630, Socu\u00e9llamos, Ciudad Real<br>Adresse \u00e9lectronique&nbsp;: <span id=\"cloak07bc8a594c2dace84fcdad32aa9bb491\"><a href=\"mailto:info@cabezuelofoods.com\">info@cabezuelofoods.com<\/a><\/span><\/p>\t\t\t\t\t\t\t\t<\/div>\n\t\t\t\t<\/div>\n\t\t\t\t<\/section>\n\t\t\t\t\t<\/div>\n\t\t\t\t<\/main>\n\t\t\t\t<\/div>\n\t\t","protected":false},"excerpt":{"rendered":"<p>cabezuelofoods.com Cabezuelo Foods s&rsquo;engage \u00e0 rendre son site web accessible conform\u00e9ment au d\u00e9cret royal 1112\/2018 du 7 septembre sur l&rsquo;accessibilit\u00e9 des sites web et des applications pour appareils mobiles du secteur public. La pr\u00e9sente d\u00e9claration d&rsquo;accessibilit\u00e9 s&rsquo;applique au site web cabezuelofoods.com Situation de conformit\u00e9 Ce site web est partiellement conforme au RD 1112\/2018 en raison [&hellip;]<\/p>\n","protected":false},"author":1,"featured_media":0,"parent":0,"menu_order":0,"comment_status":"closed","ping_status":"closed","template":"","meta":{"footnotes":""},"hf_cat_page":[],"class_list":["post-10865","page","type-page","status-publish","hentry"],"yoast_head":"<!-- This site is optimized with the Yoast SEO plugin v27.4 - https:\/\/yoast.com\/product\/yoast-seo-wordpress\/ -->\n<title>D\u00e9claration d&#039;accessibilit\u00e9 | Cabezuelo Foods<\/title>\n<meta name=\"robots\" content=\"noindex, nofollow\" \/>\n<meta property=\"og:locale\" content=\"fr_FR\" \/>\n<meta property=\"og:type\" content=\"article\" \/>\n<meta property=\"og:title\" content=\"D\u00e9claration d&#039;accessibilit\u00e9 | Cabezuelo Foods\" \/>\n<meta property=\"og:description\" content=\"cabezuelofoods.com Cabezuelo Foods s&rsquo;engage \u00e0 rendre son site web accessible conform\u00e9ment au d\u00e9cret royal 1112\/2018 du 7 septembre sur l&rsquo;accessibilit\u00e9 des sites web et des applications pour appareils mobiles du secteur public. La pr\u00e9sente d\u00e9claration d&rsquo;accessibilit\u00e9 s&rsquo;applique au site web cabezuelofoods.com Situation de conformit\u00e9 Ce site web est partiellement conforme au RD 1112\/2018 en raison [&hellip;]\" \/>\n<meta property=\"og:url\" content=\"https:\/\/cabezuelofoods.com\/fr\/declaration-daccessibilite\/\" \/>\n<meta property=\"og:site_name\" content=\"Cabezuelo Foods\" \/>\n<meta property=\"article:modified_time\" content=\"2025-09-18T16:14:20+00:00\" \/>\n<meta name=\"twitter:card\" content=\"summary_large_image\" \/>\n<meta name=\"twitter:label1\" content=\"Dur\u00e9e de lecture estim\u00e9e\" \/>\n\t<meta name=\"twitter:data1\" content=\"5 minutes\" \/>\n<script type=\"application\/ld+json\" class=\"yoast-schema-graph\">{\"@context\":\"https:\\\/\\\/schema.org\",\"@graph\":[{\"@type\":\"WebPage\",\"@id\":\"https:\\\/\\\/cabezuelofoods.com\\\/fr\\\/declaration-daccessibilite\\\/\",\"url\":\"https:\\\/\\\/cabezuelofoods.com\\\/fr\\\/declaration-daccessibilite\\\/\",\"name\":\"D\u00e9claration d'accessibilit\u00e9 | Cabezuelo Foods\",\"isPartOf\":{\"@id\":\"https:\\\/\\\/cabezuelofoods.com\\\/fr\\\/#website\"},\"datePublished\":\"2025-03-05T17:53:09+00:00\",\"dateModified\":\"2025-09-18T16:14:20+00:00\",\"breadcrumb\":{\"@id\":\"https:\\\/\\\/cabezuelofoods.com\\\/fr\\\/declaration-daccessibilite\\\/#breadcrumb\"},\"inLanguage\":\"fr-FR\",\"potentialAction\":[{\"@type\":\"ReadAction\",\"target\":[\"https:\\\/\\\/cabezuelofoods.com\\\/fr\\\/declaration-daccessibilite\\\/\"]}]},{\"@type\":\"BreadcrumbList\",\"@id\":\"https:\\\/\\\/cabezuelofoods.com\\\/fr\\\/declaration-daccessibilite\\\/#breadcrumb\",\"itemListElement\":[{\"@type\":\"ListItem\",\"position\":1,\"name\":\"Home\",\"item\":\"https:\\\/\\\/cabezuelofoods.com\\\/fr\\\/\"},{\"@type\":\"ListItem\",\"position\":2,\"name\":\"D\u00e9claration d&rsquo;accessibilit\u00e9\"}]},{\"@type\":\"WebSite\",\"@id\":\"https:\\\/\\\/cabezuelofoods.com\\\/fr\\\/#website\",\"url\":\"https:\\\/\\\/cabezuelofoods.com\\\/fr\\\/\",\"name\":\"Cabezuelo Foods\",\"description\":\"\",\"publisher\":{\"@id\":\"https:\\\/\\\/cabezuelofoods.com\\\/fr\\\/#organization\"},\"potentialAction\":[{\"@type\":\"SearchAction\",\"target\":{\"@type\":\"EntryPoint\",\"urlTemplate\":\"https:\\\/\\\/cabezuelofoods.com\\\/fr\\\/?s={search_term_string}\"},\"query-input\":{\"@type\":\"PropertyValueSpecification\",\"valueRequired\":true,\"valueName\":\"search_term_string\"}}],\"inLanguage\":\"fr-FR\"},{\"@type\":\"Organization\",\"@id\":\"https:\\\/\\\/cabezuelofoods.com\\\/fr\\\/#organization\",\"name\":\"Cabezuelo Foods\",\"url\":\"https:\\\/\\\/cabezuelofoods.com\\\/fr\\\/\",\"logo\":{\"@type\":\"ImageObject\",\"inLanguage\":\"fr-FR\",\"@id\":\"https:\\\/\\\/cabezuelofoods.com\\\/fr\\\/#\\\/schema\\\/logo\\\/image\\\/\",\"url\":\"https:\\\/\\\/cabezuelofoods.com\\\/wp-content\\\/uploads\\\/logotipo-cabezuelo.svg\",\"contentUrl\":\"https:\\\/\\\/cabezuelofoods.com\\\/wp-content\\\/uploads\\\/logotipo-cabezuelo.svg\",\"width\":700,\"height\":239,\"caption\":\"Cabezuelo Foods\"},\"image\":{\"@id\":\"https:\\\/\\\/cabezuelofoods.com\\\/fr\\\/#\\\/schema\\\/logo\\\/image\\\/\"}}]}<\/script>\n<!-- \/ Yoast SEO plugin. -->","yoast_head_json":{"title":"D\u00e9claration d'accessibilit\u00e9 | Cabezuelo Foods","robots":{"index":"noindex","follow":"nofollow"},"og_locale":"fr_FR","og_type":"article","og_title":"D\u00e9claration d'accessibilit\u00e9 | Cabezuelo Foods","og_description":"cabezuelofoods.com Cabezuelo Foods s&rsquo;engage \u00e0 rendre son site web accessible conform\u00e9ment au d\u00e9cret royal 1112\/2018 du 7 septembre sur l&rsquo;accessibilit\u00e9 des sites web et des applications pour appareils mobiles du secteur public. La pr\u00e9sente d\u00e9claration d&rsquo;accessibilit\u00e9 s&rsquo;applique au site web cabezuelofoods.com Situation de conformit\u00e9 Ce site web est partiellement conforme au RD 1112\/2018 en raison [&hellip;]","og_url":"https:\/\/cabezuelofoods.com\/fr\/declaration-daccessibilite\/","og_site_name":"Cabezuelo Foods","article_modified_time":"2025-09-18T16:14:20+00:00","twitter_card":"summary_large_image","twitter_misc":{"Dur\u00e9e de lecture estim\u00e9e":"5 minutes"},"schema":{"@context":"https:\/\/schema.org","@graph":[{"@type":"WebPage","@id":"https:\/\/cabezuelofoods.com\/fr\/declaration-daccessibilite\/","url":"https:\/\/cabezuelofoods.com\/fr\/declaration-daccessibilite\/","name":"D\u00e9claration d'accessibilit\u00e9 | Cabezuelo Foods","isPartOf":{"@id":"https:\/\/cabezuelofoods.com\/fr\/#website"},"datePublished":"2025-03-05T17:53:09+00:00","dateModified":"2025-09-18T16:14:20+00:00","breadcrumb":{"@id":"https:\/\/cabezuelofoods.com\/fr\/declaration-daccessibilite\/#breadcrumb"},"inLanguage":"fr-FR","potentialAction":[{"@type":"ReadAction","target":["https:\/\/cabezuelofoods.com\/fr\/declaration-daccessibilite\/"]}]},{"@type":"BreadcrumbList","@id":"https:\/\/cabezuelofoods.com\/fr\/declaration-daccessibilite\/#breadcrumb","itemListElement":[{"@type":"ListItem","position":1,"name":"Home","item":"https:\/\/cabezuelofoods.com\/fr\/"},{"@type":"ListItem","position":2,"name":"D\u00e9claration d&rsquo;accessibilit\u00e9"}]},{"@type":"WebSite","@id":"https:\/\/cabezuelofoods.com\/fr\/#website","url":"https:\/\/cabezuelofoods.com\/fr\/","name":"Cabezuelo Foods","description":"","publisher":{"@id":"https:\/\/cabezuelofoods.com\/fr\/#organization"},"potentialAction":[{"@type":"SearchAction","target":{"@type":"EntryPoint","urlTemplate":"https:\/\/cabezuelofoods.com\/fr\/?s={search_term_string}"},"query-input":{"@type":"PropertyValueSpecification","valueRequired":true,"valueName":"search_term_string"}}],"inLanguage":"fr-FR"},{"@type":"Organization","@id":"https:\/\/cabezuelofoods.com\/fr\/#organization","name":"Cabezuelo Foods","url":"https:\/\/cabezuelofoods.com\/fr\/","logo":{"@type":"ImageObject","inLanguage":"fr-FR","@id":"https:\/\/cabezuelofoods.com\/fr\/#\/schema\/logo\/image\/","url":"https:\/\/cabezuelofoods.com\/wp-content\/uploads\/logotipo-cabezuelo.svg","contentUrl":"https:\/\/cabezuelofoods.com\/wp-content\/uploads\/logotipo-cabezuelo.svg","width":700,"height":239,"caption":"Cabezuelo Foods"},"image":{"@id":"https:\/\/cabezuelofoods.com\/fr\/#\/schema\/logo\/image\/"}}]}},"_links":{"self":[{"href":"https:\/\/cabezuelofoods.com\/fr\/wp-json\/wp\/v2\/pages\/10865","targetHints":{"allow":["GET"]}}],"collection":[{"href":"https:\/\/cabezuelofoods.com\/fr\/wp-json\/wp\/v2\/pages"}],"about":[{"href":"https:\/\/cabezuelofoods.com\/fr\/wp-json\/wp\/v2\/types\/page"}],"author":[{"embeddable":true,"href":"https:\/\/cabezuelofoods.com\/fr\/wp-json\/wp\/v2\/users\/1"}],"replies":[{"embeddable":true,"href":"https:\/\/cabezuelofoods.com\/fr\/wp-json\/wp\/v2\/comments?post=10865"}],"version-history":[{"count":0,"href":"https:\/\/cabezuelofoods.com\/fr\/wp-json\/wp\/v2\/pages\/10865\/revisions"}],"wp:attachment":[{"href":"https:\/\/cabezuelofoods.com\/fr\/wp-json\/wp\/v2\/media?parent=10865"}],"wp:term":[{"taxonomy":"hf_cat_page","embeddable":true,"href":"https:\/\/cabezuelofoods.com\/fr\/wp-json\/wp\/v2\/hf_cat_page?post=10865"}],"curies":[{"name":"wp","href":"https:\/\/api.w.org\/{rel}","templated":true}]}}